{"id":8454,"date":"2020-06-16T20:18:05","date_gmt":"2020-06-16T20:18:05","guid":{"rendered":"http:\/\/neu.sexy-elfen.de\/?post_type=product&#038;p=8454"},"modified":"2020-06-16T20:18:05","modified_gmt":"2020-06-16T20:18:05","slug":"jenna","status":"publish","type":"product","link":"https:\/\/sexy-elfen.de\/en\/girls\/jenna\/","title":{"rendered":"Jenna"},"content":{"rendered":null,"protected":false},"excerpt":{"rendered":"<h2>Callgirl Jenna &#8211; Jung, z\u00e4rtlich und s\u00fc\u00df<\/h2>\n<p>Jung, wundersch\u00f6n und wahnsinnig sexy &#8211; das ist Call Girl Jenna, ein M\u00e4nnertraum mit schwarzen Haaren und einem Gesicht zum Verlieben! Das Top-Model mit der schlanken, hocherotischen Figur und dem s\u00fcssen Apfelpo wird mit ihrem herzichen Lachen jedes M\u00e4nnerherz h\u00f6her schlagen lassen. Ihre unkomplizierte, anschmiegsame Art wird Dich sofort in den Bann ziehen. Escort Ladie jenna ist sinnliche und leidenschaftliche junge Frau mit der jede Minute ein erotisches Highlight ist. Dieses z\u00e4rtliche Escortgirl liebt alles, was Spass macht &#8211; und sie liebt es, mit dir diesen Spass zu teilen und geilen, wilden Sex zu haben! Mit dem attraktiven Callgirl erlebst du eine atemberaubende Zeit die du nicht so schnell vergessen wirst. Jenna ist f\u00fcr vieles in Punkto Sex offen.<br \/>\nWenn du deine sexuellen Fantasien mit<br \/>\nIhr ausleben m\u00f6chtest dann melde dich einfach beim Escort Service Berlin und buche Dein s\u00fc\u00dfes Girl schnell, diskret und unkompliziert.<\/p>\n<p>Callgirl Jenna ist in Berlin und im Umland f\u00fcr dich erreichbar von:<br \/>\nMo &#8211; So 24 Stunden<\/p>\n<p>&nbsp;<\/p>\n<p>Du kannst Jenna buchen f\u00fcr:<\/p>\n<p>Begleitservice | B\u00fcroescort | Dinnerbegleitung | Hausbesuche Berlin | Hotelbesuche Berlin | LKW &#8211; Parkplatztreffen | Theaterbesuche<\/p>\n","protected":false},"featured_media":5773,"template":"","meta":{"_acf_changed":false},"product_brand":[],"product_cat":[51],"product_tag":[],"class_list":{"0":"post-8454","1":"product","2":"type-product","3":"status-publish","4":"has-post-thumbnail","6":"product_cat-archiv","8":"first","9":"instock","10":"shipping-taxable","11":"product-type-simple"},"acf":[],"yoast_head":"<!-- This site is optimized with the Yoast SEO plugin v27.0 - https:\/\/yoast.com\/product\/yoast-seo-wordpress\/ -->\n<title>Callgirl Jenna - Jung, D\u00fcnn Mager z\u00e4rtlich und s\u00fc\u00df f\u00fcr Hotel Sex in Berlin<\/title>\n<meta name=\"description\" content=\"Callgirl Jenna - Jung, D\u00fcnn Mager z\u00e4rtlich und s\u00fc\u00df f\u00fcr Hotel Sex in Berlin buchen\" \/>\n<meta name=\"robots\" content=\"index, follow, max-snippet:-1, max-image-preview:large, max-video-preview:-1\" \/>\n<link rel=\"canonical\" href=\"https:\/\/sexy-elfen.de\/en\/girls\/jenna\/\" \/>\n<meta property=\"og:locale\" content=\"en_US\" \/>\n<meta property=\"og:type\" content=\"article\" \/>\n<meta property=\"og:title\" content=\"Callgirl Jenna - Jung, D\u00fcnn Mager z\u00e4rtlich und s\u00fc\u00df f\u00fcr Hotel Sex in Berlin\" \/>\n<meta property=\"og:description\" content=\"Callgirl Jenna - Jung, D\u00fcnn Mager z\u00e4rtlich und s\u00fc\u00df f\u00fcr Hotel Sex in Berlin buchen\" \/>\n<meta property=\"og:url\" content=\"https:\/\/sexy-elfen.de\/en\/girls\/jenna\/\" \/>\n<meta property=\"og:site_name\" content=\"Escort Berlin - Sexy-Elfen Escortservice\" \/>\n<meta property=\"og:image\" content=\"https:\/\/sexy-elfen.de\/wp-content\/uploads\/2018\/08\/not-bookable.jpg\" \/>\n\t<meta property=\"og:image:width\" content=\"505\" \/>\n\t<meta property=\"og:image:height\" content=\"939\" \/>\n\t<meta property=\"og:image:type\" content=\"image\/jpeg\" \/>\n<meta name=\"twitter:card\" content=\"summary_large_image\" \/>\n<script type=\"application\/ld+json\" class=\"yoast-schema-graph\">{\"@context\":\"https:\/\/schema.org\",\"@graph\":[{\"@type\":\"WebPage\",\"@id\":\"https:\/\/sexy-elfen.de\/en\/girls\/jenna\/\",\"url\":\"https:\/\/sexy-elfen.de\/en\/girls\/jenna\/\",\"name\":\"Callgirl Jenna - Jung, D\u00fcnn Mager z\u00e4rtlich und s\u00fc\u00df f\u00fcr Hotel Sex in Berlin\",\"isPartOf\":{\"@id\":\"https:\/\/sexy-elfen.de\/#website\"},\"primaryImageOfPage\":{\"@id\":\"https:\/\/sexy-elfen.de\/en\/girls\/jenna\/#primaryimage\"},\"image\":{\"@id\":\"https:\/\/sexy-elfen.de\/en\/girls\/jenna\/#primaryimage\"},\"thumbnailUrl\":\"https:\/\/sexy-elfen.de\/wp-content\/uploads\/2018\/08\/not-bookable.jpg\",\"datePublished\":\"2020-06-16T20:18:05+00:00\",\"description\":\"Callgirl Jenna - Jung, D\u00fcnn Mager z\u00e4rtlich und s\u00fc\u00df f\u00fcr Hotel Sex in Berlin buchen\",\"breadcrumb\":{\"@id\":\"https:\/\/sexy-elfen.de\/en\/girls\/jenna\/#breadcrumb\"},\"inLanguage\":\"en-US\",\"potentialAction\":[{\"@type\":\"ReadAction\",\"target\":[\"https:\/\/sexy-elfen.de\/en\/girls\/jenna\/\"]}]},{\"@type\":\"ImageObject\",\"inLanguage\":\"en-US\",\"@id\":\"https:\/\/sexy-elfen.de\/en\/girls\/jenna\/#primaryimage\",\"url\":\"https:\/\/sexy-elfen.de\/wp-content\/uploads\/2018\/08\/not-bookable.jpg\",\"contentUrl\":\"https:\/\/sexy-elfen.de\/wp-content\/uploads\/2018\/08\/not-bookable.jpg\",\"width\":505,\"height\":939,\"caption\":\"Jenna mager VIP High Class Privat Modelle Sex Service Berlin\"},{\"@type\":\"BreadcrumbList\",\"@id\":\"https:\/\/sexy-elfen.de\/en\/girls\/jenna\/#breadcrumb\",\"itemListElement\":[{\"@type\":\"ListItem\",\"position\":1,\"name\":\"Home\",\"item\":\"https:\/\/sexy-elfen.de\/en\/front\/\"},{\"@type\":\"ListItem\",\"position\":2,\"name\":\"Produkte\",\"item\":\"https:\/\/sexy-elfen.de\/shop\/\"},{\"@type\":\"ListItem\",\"position\":3,\"name\":\"Jenna\"}]},{\"@type\":\"WebSite\",\"@id\":\"https:\/\/sexy-elfen.de\/#website\",\"url\":\"https:\/\/sexy-elfen.de\/\",\"name\":\"Escort Berlin - Sexy-Elfen Escortservice\",\"description\":\"\",\"potentialAction\":[{\"@type\":\"SearchAction\",\"target\":{\"@type\":\"EntryPoint\",\"urlTemplate\":\"https:\/\/sexy-elfen.de\/?s={search_term_string}\"},\"query-input\":{\"@type\":\"PropertyValueSpecification\",\"valueRequired\":true,\"valueName\":\"search_term_string\"}}],\"inLanguage\":\"en-US\"}]}<\/script>\n<!-- \/ Yoast SEO plugin. -->","yoast_head_json":{"title":"Callgirl Jenna - Jung, D\u00fcnn Mager z\u00e4rtlich und s\u00fc\u00df f\u00fcr Hotel Sex in Berlin","description":"Callgirl Jenna - Jung, D\u00fcnn Mager z\u00e4rtlich und s\u00fc\u00df f\u00fcr Hotel Sex in Berlin buchen","robots":{"index":"index","follow":"follow","max-snippet":"max-snippet:-1","max-image-preview":"max-image-preview:large","max-video-preview":"max-video-preview:-1"},"canonical":"https:\/\/sexy-elfen.de\/en\/girls\/jenna\/","og_locale":"en_US","og_type":"article","og_title":"Callgirl Jenna - Jung, D\u00fcnn Mager z\u00e4rtlich und s\u00fc\u00df f\u00fcr Hotel Sex in Berlin","og_description":"Callgirl Jenna - Jung, D\u00fcnn Mager z\u00e4rtlich und s\u00fc\u00df f\u00fcr Hotel Sex in Berlin buchen","og_url":"https:\/\/sexy-elfen.de\/en\/girls\/jenna\/","og_site_name":"Escort Berlin - Sexy-Elfen Escortservice","og_image":[{"width":505,"height":939,"url":"https:\/\/sexy-elfen.de\/wp-content\/uploads\/2018\/08\/not-bookable.jpg","type":"image\/jpeg"}],"twitter_card":"summary_large_image","schema":{"@context":"https:\/\/schema.org","@graph":[{"@type":"WebPage","@id":"https:\/\/sexy-elfen.de\/en\/girls\/jenna\/","url":"https:\/\/sexy-elfen.de\/en\/girls\/jenna\/","name":"Callgirl Jenna - Jung, D\u00fcnn Mager z\u00e4rtlich und s\u00fc\u00df f\u00fcr Hotel Sex in Berlin","isPartOf":{"@id":"https:\/\/sexy-elfen.de\/#website"},"primaryImageOfPage":{"@id":"https:\/\/sexy-elfen.de\/en\/girls\/jenna\/#primaryimage"},"image":{"@id":"https:\/\/sexy-elfen.de\/en\/girls\/jenna\/#primaryimage"},"thumbnailUrl":"https:\/\/sexy-elfen.de\/wp-content\/uploads\/2018\/08\/not-bookable.jpg","datePublished":"2020-06-16T20:18:05+00:00","description":"Callgirl Jenna - Jung, D\u00fcnn Mager z\u00e4rtlich und s\u00fc\u00df f\u00fcr Hotel Sex in Berlin buchen","breadcrumb":{"@id":"https:\/\/sexy-elfen.de\/en\/girls\/jenna\/#breadcrumb"},"inLanguage":"en-US","potentialAction":[{"@type":"ReadAction","target":["https:\/\/sexy-elfen.de\/en\/girls\/jenna\/"]}]},{"@type":"ImageObject","inLanguage":"en-US","@id":"https:\/\/sexy-elfen.de\/en\/girls\/jenna\/#primaryimage","url":"https:\/\/sexy-elfen.de\/wp-content\/uploads\/2018\/08\/not-bookable.jpg","contentUrl":"https:\/\/sexy-elfen.de\/wp-content\/uploads\/2018\/08\/not-bookable.jpg","width":505,"height":939,"caption":"Jenna mager VIP High Class Privat Modelle Sex Service Berlin"},{"@type":"BreadcrumbList","@id":"https:\/\/sexy-elfen.de\/en\/girls\/jenna\/#breadcrumb","itemListElement":[{"@type":"ListItem","position":1,"name":"Home","item":"https:\/\/sexy-elfen.de\/en\/front\/"},{"@type":"ListItem","position":2,"name":"Produkte","item":"https:\/\/sexy-elfen.de\/shop\/"},{"@type":"ListItem","position":3,"name":"Jenna"}]},{"@type":"WebSite","@id":"https:\/\/sexy-elfen.de\/#website","url":"https:\/\/sexy-elfen.de\/","name":"Escort Berlin - Sexy-Elfen Escortservice","description":"","potentialAction":[{"@type":"SearchAction","target":{"@type":"EntryPoint","urlTemplate":"https:\/\/sexy-elfen.de\/?s={search_term_string}"},"query-input":{"@type":"PropertyValueSpecification","valueRequired":true,"valueName":"search_term_string"}}],"inLanguage":"en-US"}]}},"_links":{"self":[{"href":"https:\/\/sexy-elfen.de\/en\/wp-json\/wp\/v2\/product\/8454","targetHints":{"allow":["GET"]}}],"collection":[{"href":"https:\/\/sexy-elfen.de\/en\/wp-json\/wp\/v2\/product"}],"about":[{"href":"https:\/\/sexy-elfen.de\/en\/wp-json\/wp\/v2\/types\/product"}],"wp:featuredmedia":[{"embeddable":true,"href":"https:\/\/sexy-elfen.de\/en\/wp-json\/wp\/v2\/media\/5773"}],"wp:attachment":[{"href":"https:\/\/sexy-elfen.de\/en\/wp-json\/wp\/v2\/media?parent=8454"}],"wp:term":[{"taxonomy":"product_brand","embeddable":true,"href":"https:\/\/sexy-elfen.de\/en\/wp-json\/wp\/v2\/product_brand?post=8454"},{"taxonomy":"product_cat","embeddable":true,"href":"https:\/\/sexy-elfen.de\/en\/wp-json\/wp\/v2\/product_cat?post=8454"},{"taxonomy":"product_tag","embeddable":true,"href":"https:\/\/sexy-elfen.de\/en\/wp-json\/wp\/v2\/product_tag?post=8454"}],"curies":[{"name":"wp","href":"https:\/\/api.w.org\/{rel}","templated":true}]}}