{"id":8924,"date":"2021-05-29T15:40:03","date_gmt":"2021-05-29T16:25:35","guid":{"rendered":"http:\/\/neu.sexy-elfen.de\/?post_type=product&#038;p=8924"},"modified":"2024-01-25T19:58:57","modified_gmt":"2024-01-25T19:58:57","slug":"violetta-2","status":"publish","type":"product","link":"https:\/\/sexy-elfen.de\/en\/girls\/violetta-2\/","title":{"rendered":"Violetta 2"},"content":{"rendered":null,"protected":false},"excerpt":{"rendered":"<h2>Escort Berlin Lady Violetta from Berlin is a mature Russian with top Service<\/h2>\n<p>For the hot private model Violeta it is a matter of honor that the customer relaxes during oral sex and looks forward with pleasure to the next meeting with her. The horny Russian girl masters all tics and knows that deep-throat makes a man happy. Although the hot escort girl measures only 1.60 m, she is a giant in bed. With her horny 75 B tits and clothing size 36, the hot slut is an absolute eye-catcher. Therefore, Violeta is also the right escort girl if you want to move a little in public beforehand. Whether disco, restaurant or business meeting, the hot Russian is up for any fun. She moves in society absolutely stylish and knows how a lady of the world behaves. But the whole story gets really dirty in bed, of course. Here the red-haired girl basically gives full throttle and shows what she has in oral sex. In terms of deep throat, the hot slut belongs to the absolute top experts. Who was once orally satisfied by the hot girl, who knows what we are talking about here. As a well-groomed young woman Violeta is of course completely shaved and taboo verbal eroticism she masters in German, English and Russian. Who stands on absolute grenades in bed, which should not miss a hot t\u00eate-\u00e0-t\u00eate with the red-blond slut in any case.<\/p>\n<p>Private model Violetta visits you from:<br \/>\nMon &#8211; Sun 13.00 &#8211; 02.00 clock<\/p>\n<p>&nbsp;<\/p>\n<p><strong>You can book me for:<\/strong><\/p>\n<p>Escort Service | Office Escort | Dinner Escort | Home Visits Berlin | Hotel Visits Berlin | Truck &#8211; Parking Meeting | Theater Visits<\/p>\n","protected":false},"featured_media":15149,"template":"","meta":{"_acf_changed":false},"product_brand":[],"product_cat":[80],"product_tag":[],"class_list":{"0":"post-8924","1":"product","2":"type-product","3":"status-publish","4":"has-post-thumbnail","6":"product_cat-archiv-en","8":"first","9":"instock","10":"shipping-taxable","11":"product-type-simple"},"acf":[],"yoast_head":"<!-- This site is optimized with the Yoast SEO plugin v27.0 - https:\/\/yoast.com\/product\/yoast-seo-wordpress\/ -->\n<title>Escort Berlin lady Violetta 2 is a mature Russian with top sex service<\/title>\n<meta name=\"description\" content=\"Escort Berlin lady Violetta 2 from Berlin is a mature Russian with top sex service that you can also order for erotic massages in your hotel or office.\" \/>\n<meta name=\"robots\" content=\"index, follow, max-snippet:-1, max-image-preview:large, max-video-preview:-1\" \/>\n<link rel=\"canonical\" href=\"https:\/\/sexy-elfen.de\/en\/girls\/violetta-2\/\" \/>\n<meta property=\"og:locale\" content=\"en_US\" \/>\n<meta property=\"og:type\" content=\"article\" \/>\n<meta property=\"og:title\" content=\"Escort Berlin lady Violetta 2 is a mature Russian with top sex service\" \/>\n<meta property=\"og:description\" content=\"Escort Berlin lady Violetta 2 from Berlin is a mature Russian with top sex service that you can also order for erotic massages in your hotel or office.\" \/>\n<meta property=\"og:url\" content=\"https:\/\/sexy-elfen.de\/en\/girls\/violetta-2\/\" \/>\n<meta property=\"og:site_name\" content=\"Escort Berlin - Sexy-Elfen Escortservice\" \/>\n<meta property=\"article:modified_time\" content=\"2024-01-25T19:58:57+00:00\" \/>\n<meta property=\"og:image\" content=\"https:\/\/sexy-elfen.de\/wp-content\/uploads\/2021\/05\/Violetta-2-Sexy-Elfen-Escort-Berlin-Archiv.jpg\" \/>\n\t<meta property=\"og:image:width\" content=\"500\" \/>\n\t<meta property=\"og:image:height\" content=\"750\" \/>\n\t<meta property=\"og:image:type\" content=\"image\/jpeg\" \/>\n<meta name=\"twitter:card\" content=\"summary_large_image\" \/>\n<script type=\"application\/ld+json\" class=\"yoast-schema-graph\">{\"@context\":\"https:\/\/schema.org\",\"@graph\":[{\"@type\":\"WebPage\",\"@id\":\"https:\/\/sexy-elfen.de\/en\/girls\/violetta-2\/\",\"url\":\"https:\/\/sexy-elfen.de\/en\/girls\/violetta-2\/\",\"name\":\"Escort Berlin lady Violetta 2 is a mature Russian with top sex service\",\"isPartOf\":{\"@id\":\"https:\/\/sexy-elfen.de\/#website\"},\"primaryImageOfPage\":{\"@id\":\"https:\/\/sexy-elfen.de\/en\/girls\/violetta-2\/#primaryimage\"},\"image\":{\"@id\":\"https:\/\/sexy-elfen.de\/en\/girls\/violetta-2\/#primaryimage\"},\"thumbnailUrl\":\"https:\/\/sexy-elfen.de\/wp-content\/uploads\/2021\/05\/Violetta-2-Sexy-Elfen-Escort-Berlin-Archiv.jpg\",\"datePublished\":\"2021-05-29T16:25:35+00:00\",\"dateModified\":\"2024-01-25T19:58:57+00:00\",\"description\":\"Escort Berlin lady Violetta 2 from Berlin is a mature Russian with top sex service that you can also order for erotic massages in your hotel or office.\",\"breadcrumb\":{\"@id\":\"https:\/\/sexy-elfen.de\/en\/girls\/violetta-2\/#breadcrumb\"},\"inLanguage\":\"en-US\",\"potentialAction\":[{\"@type\":\"ReadAction\",\"target\":[\"https:\/\/sexy-elfen.de\/en\/girls\/violetta-2\/\"]}]},{\"@type\":\"ImageObject\",\"inLanguage\":\"en-US\",\"@id\":\"https:\/\/sexy-elfen.de\/en\/girls\/violetta-2\/#primaryimage\",\"url\":\"https:\/\/sexy-elfen.de\/wp-content\/uploads\/2021\/05\/Violetta-2-Sexy-Elfen-Escort-Berlin-Archiv.jpg\",\"contentUrl\":\"https:\/\/sexy-elfen.de\/wp-content\/uploads\/2021\/05\/Violetta-2-Sexy-Elfen-Escort-Berlin-Archiv.jpg\",\"width\":500,\"height\":750},{\"@type\":\"BreadcrumbList\",\"@id\":\"https:\/\/sexy-elfen.de\/en\/girls\/violetta-2\/#breadcrumb\",\"itemListElement\":[{\"@type\":\"ListItem\",\"position\":1,\"name\":\"Home\",\"item\":\"https:\/\/sexy-elfen.de\/en\/front\/\"},{\"@type\":\"ListItem\",\"position\":2,\"name\":\"Produkte\",\"item\":\"https:\/\/sexy-elfen.de\/shop\/\"},{\"@type\":\"ListItem\",\"position\":3,\"name\":\"Violetta 2\"}]},{\"@type\":\"WebSite\",\"@id\":\"https:\/\/sexy-elfen.de\/#website\",\"url\":\"https:\/\/sexy-elfen.de\/\",\"name\":\"Escort Berlin - Sexy-Elfen Escortservice\",\"description\":\"\",\"potentialAction\":[{\"@type\":\"SearchAction\",\"target\":{\"@type\":\"EntryPoint\",\"urlTemplate\":\"https:\/\/sexy-elfen.de\/?s={search_term_string}\"},\"query-input\":{\"@type\":\"PropertyValueSpecification\",\"valueRequired\":true,\"valueName\":\"search_term_string\"}}],\"inLanguage\":\"en-US\"}]}<\/script>\n<!-- \/ Yoast SEO plugin. -->","yoast_head_json":{"title":"Escort Berlin lady Violetta 2 is a mature Russian with top sex service","description":"Escort Berlin lady Violetta 2 from Berlin is a mature Russian with top sex service that you can also order for erotic massages in your hotel or office.","robots":{"index":"index","follow":"follow","max-snippet":"max-snippet:-1","max-image-preview":"max-image-preview:large","max-video-preview":"max-video-preview:-1"},"canonical":"https:\/\/sexy-elfen.de\/en\/girls\/violetta-2\/","og_locale":"en_US","og_type":"article","og_title":"Escort Berlin lady Violetta 2 is a mature Russian with top sex service","og_description":"Escort Berlin lady Violetta 2 from Berlin is a mature Russian with top sex service that you can also order for erotic massages in your hotel or office.","og_url":"https:\/\/sexy-elfen.de\/en\/girls\/violetta-2\/","og_site_name":"Escort Berlin - Sexy-Elfen Escortservice","article_modified_time":"2024-01-25T19:58:57+00:00","og_image":[{"width":500,"height":750,"url":"https:\/\/sexy-elfen.de\/wp-content\/uploads\/2021\/05\/Violetta-2-Sexy-Elfen-Escort-Berlin-Archiv.jpg","type":"image\/jpeg"}],"twitter_card":"summary_large_image","schema":{"@context":"https:\/\/schema.org","@graph":[{"@type":"WebPage","@id":"https:\/\/sexy-elfen.de\/en\/girls\/violetta-2\/","url":"https:\/\/sexy-elfen.de\/en\/girls\/violetta-2\/","name":"Escort Berlin lady Violetta 2 is a mature Russian with top sex service","isPartOf":{"@id":"https:\/\/sexy-elfen.de\/#website"},"primaryImageOfPage":{"@id":"https:\/\/sexy-elfen.de\/en\/girls\/violetta-2\/#primaryimage"},"image":{"@id":"https:\/\/sexy-elfen.de\/en\/girls\/violetta-2\/#primaryimage"},"thumbnailUrl":"https:\/\/sexy-elfen.de\/wp-content\/uploads\/2021\/05\/Violetta-2-Sexy-Elfen-Escort-Berlin-Archiv.jpg","datePublished":"2021-05-29T16:25:35+00:00","dateModified":"2024-01-25T19:58:57+00:00","description":"Escort Berlin lady Violetta 2 from Berlin is a mature Russian with top sex service that you can also order for erotic massages in your hotel or office.","breadcrumb":{"@id":"https:\/\/sexy-elfen.de\/en\/girls\/violetta-2\/#breadcrumb"},"inLanguage":"en-US","potentialAction":[{"@type":"ReadAction","target":["https:\/\/sexy-elfen.de\/en\/girls\/violetta-2\/"]}]},{"@type":"ImageObject","inLanguage":"en-US","@id":"https:\/\/sexy-elfen.de\/en\/girls\/violetta-2\/#primaryimage","url":"https:\/\/sexy-elfen.de\/wp-content\/uploads\/2021\/05\/Violetta-2-Sexy-Elfen-Escort-Berlin-Archiv.jpg","contentUrl":"https:\/\/sexy-elfen.de\/wp-content\/uploads\/2021\/05\/Violetta-2-Sexy-Elfen-Escort-Berlin-Archiv.jpg","width":500,"height":750},{"@type":"BreadcrumbList","@id":"https:\/\/sexy-elfen.de\/en\/girls\/violetta-2\/#breadcrumb","itemListElement":[{"@type":"ListItem","position":1,"name":"Home","item":"https:\/\/sexy-elfen.de\/en\/front\/"},{"@type":"ListItem","position":2,"name":"Produkte","item":"https:\/\/sexy-elfen.de\/shop\/"},{"@type":"ListItem","position":3,"name":"Violetta 2"}]},{"@type":"WebSite","@id":"https:\/\/sexy-elfen.de\/#website","url":"https:\/\/sexy-elfen.de\/","name":"Escort Berlin - Sexy-Elfen Escortservice","description":"","potentialAction":[{"@type":"SearchAction","target":{"@type":"EntryPoint","urlTemplate":"https:\/\/sexy-elfen.de\/?s={search_term_string}"},"query-input":{"@type":"PropertyValueSpecification","valueRequired":true,"valueName":"search_term_string"}}],"inLanguage":"en-US"}]}},"_links":{"self":[{"href":"https:\/\/sexy-elfen.de\/en\/wp-json\/wp\/v2\/product\/8924","targetHints":{"allow":["GET"]}}],"collection":[{"href":"https:\/\/sexy-elfen.de\/en\/wp-json\/wp\/v2\/product"}],"about":[{"href":"https:\/\/sexy-elfen.de\/en\/wp-json\/wp\/v2\/types\/product"}],"wp:featuredmedia":[{"embeddable":true,"href":"https:\/\/sexy-elfen.de\/en\/wp-json\/wp\/v2\/media\/15149"}],"wp:attachment":[{"href":"https:\/\/sexy-elfen.de\/en\/wp-json\/wp\/v2\/media?parent=8924"}],"wp:term":[{"taxonomy":"product_brand","embeddable":true,"href":"https:\/\/sexy-elfen.de\/en\/wp-json\/wp\/v2\/product_brand?post=8924"},{"taxonomy":"product_cat","embeddable":true,"href":"https:\/\/sexy-elfen.de\/en\/wp-json\/wp\/v2\/product_cat?post=8924"},{"taxonomy":"product_tag","embeddable":true,"href":"https:\/\/sexy-elfen.de\/en\/wp-json\/wp\/v2\/product_tag?post=8924"}],"curies":[{"name":"wp","href":"https:\/\/api.w.org\/{rel}","templated":true}]}}